{"id":17,"date":"2021-01-24T17:36:15","date_gmt":"2021-01-24T17:36:15","guid":{"rendered":"https:\/\/rohestories.dk\/?page_id=17"},"modified":"2021-01-24T18:24:44","modified_gmt":"2021-01-24T18:24:44","slug":"om","status":"publish","type":"page","link":"https:\/\/rohestories.dk\/index.php\/om\/","title":{"rendered":"Om"},"content":{"rendered":"\n<p>Jeg hedder Sanne R\u00f8he. Jeg har v\u00e6ret pilot i SAS, jeg er psykolog og akupunkt\u00f8r, og s\u00e5 elsker jeg at skrive. Jeg har bl.a. skrevet en familieroman om min mormors liv &#8220;Christel&#8221;, og s\u00e5 er jeg medforfatter til selvhj\u00e6lpsbogen &#8220;Flyskr\u00e6k, historien om psykologen, der ikke turde flyve&#8221;. Ja, og det er alts\u00e5 ikke mig, der er den omtalte psykolog, men min medforfatter. <\/p>\n\n\n\n<p>Jeg elsker at dykke ned i hverdagsoplevelser og beskrive sjove og s\u00e6re situationer, mennesker, deres handlinger og f\u00f8lelser. Det er disse, du vil f\u00e5 pr\u00e6senteret p\u00e5 denne side. <\/p>\n\n\n\n<figure class=\"wp-block-image size-large is-resized\"><img loading=\"lazy\" decoding=\"async\" src=\"https:\/\/rohestories.dk\/wp-content\/uploads\/2021\/01\/malaysia-03140-2-900x1024.jpg\" alt=\"\" class=\"wp-image-48\" width=\"413\" height=\"470\" srcset=\"https:\/\/rohestories.dk\/wp-content\/uploads\/2021\/01\/malaysia-03140-2-900x1024.jpg 900w, https:\/\/rohestories.dk\/wp-content\/uploads\/2021\/01\/malaysia-03140-2-264x300.jpg 264w, https:\/\/rohestories.dk\/wp-content\/uploads\/2021\/01\/malaysia-03140-2-768x874.jpg 768w, https:\/\/rohestories.dk\/wp-content\/uploads\/2021\/01\/malaysia-03140-2-1349x1536.jpg 1349w, https:\/\/rohestories.dk\/wp-content\/uploads\/2021\/01\/malaysia-03140-2.jpg 1757w\" sizes=\"(max-width: 413px) 100vw, 413px\" \/><figcaption>kokosn\u00f8dder knuses til Thaipusam i Malaysia<\/figcaption><\/figure>\n","protected":false},"excerpt":{"rendered":"<p>Jeg hedder Sanne R\u00f8he. Jeg har v\u00e6ret pilot i SAS, jeg er psykolog og akupunkt\u00f8r, og s\u00e5 elsker jeg at skrive. Jeg har bl.a. skrevet en familieroman om min mormors liv &#8220;Christel&#8221;, og s\u00e5 er jeg medforfatter til selvhj\u00e6lpsbogen &#8220;Flyskr\u00e6k, historien om psykologen, der ikke &hellip; <a href=\"https:\/\/rohestories.dk\/index.php\/om\/\" class=\"more-link\"><span>Continue reading<span class=\"screen-reader-text\">Om<\/span><\/span><\/a><\/p>\n","protected":false},"author":1,"featured_media":0,"parent":0,"menu_order":0,"comment_status":"closed","ping_status":"closed","template":"","meta":{"footnotes":""},"_links":{"self":[{"href":"https:\/\/rohestories.dk\/index.php\/wp-json\/wp\/v2\/pages\/17"}],"collection":[{"href":"https:\/\/rohestories.dk\/index.php\/wp-json\/wp\/v2\/pages"}],"about":[{"href":"https:\/\/rohestories.dk\/index.php\/wp-json\/wp\/v2\/types\/page"}],"author":[{"embeddable":true,"href":"https:\/\/rohestories.dk\/index.php\/wp-json\/wp\/v2\/users\/1"}],"replies":[{"embeddable":true,"href":"https:\/\/rohestories.dk\/index.php\/wp-json\/wp\/v2\/comments?post=17"}],"version-history":[{"count":4,"href":"https:\/\/rohestories.dk\/index.php\/wp-json\/wp\/v2\/pages\/17\/revisions"}],"predecessor-version":[{"id":49,"href":"https:\/\/rohestories.dk\/index.php\/wp-json\/wp\/v2\/pages\/17\/revisions\/49"}],"wp:attachment":[{"href":"https:\/\/rohestories.dk\/index.php\/wp-json\/wp\/v2\/media?parent=17"}],"curies":[{"name":"wp","href":"https:\/\/api.w.org\/{rel}","templated":true}]}}