{"id":90,"date":"2021-09-05T08:54:51","date_gmt":"2021-09-05T08:54:51","guid":{"rendered":"https:\/\/rohestories.dk\/?page_id=90"},"modified":"2021-09-05T08:54:51","modified_gmt":"2021-09-05T08:54:51","slug":"kaere-mand","status":"publish","type":"page","link":"https:\/\/rohestories.dk\/index.php\/kaere-mand\/","title":{"rendered":"K\u00e6re mand"},"content":{"rendered":"\n<p>Endnu engang kaster Hun sn\u00f8ren ud og haler ind \u2013 kaffedate. I morgen?&nbsp;&nbsp;Tindermanden dukker op i et tilf\u00e6ldigt swipe til h\u00f8jre.&nbsp;<\/p>\n\n\n\n<p>\u201dHi sailor, where are you?\u201dsp\u00f8rger han, og forts\u00e6tter: \u201dJeg er p\u00e5 Langkawi i min jordomsejler\u201d<\/p>\n\n\n\n<p>&nbsp;Hendes hjerne lyser op i regnbuefarver. Det m\u00e5 v\u00e6re sk\u00e6bne, her er Hun p\u00e5 vej p\u00e5 cykel til Langkawi, ankommer n\u00e6ste dag, og s\u00e5 er HAN lige der. Manden med b\u00e5den.&nbsp;<\/p>\n\n\n\n<p>\u201dJeg kommer til Langkawi i morgen\u201d, svarer Hun.&nbsp;<\/p>\n\n\n\n<p>\u201dHar du lyst til en kaffe eller et glas vin?\u201d<\/p>\n\n\n\n<p>For hvert tr\u00e5d blev dr\u00f8mmen dybere, tanken om en sk\u00e6bne s\u00e5 vild. Og varmen f\u00e5r hjernen til at koge endnu mere. Den lange stegende hede cykeltur med obligatorisk punktering og storgrinende tilskuere, fatamorgana p\u00e5 ophedet asfalt.&nbsp;<\/p>\n\n\n\n<p>\u201dJeg er der i morgen\u201d, siger Hun.&nbsp;<\/p>\n\n\n\n<p>Uden direkte at svare p\u00e5 invitationen. Lidt forsigtig, lidt stolt. Og samtalen bliver pludselig meget sp\u00e6ndende, n\u00e6rg\u00e5ende, indg\u00e5ende \u2013 meget bliver vendt og drejet p\u00e5 sk\u00e6rmen, fra de praktiske til de personlige og pinligt \u00e6rlige emner. T\u00e6t p\u00e5 noget sensuelt og intimt, men aldrig over gr\u00e6nsen. Han virker som en gentleman, midt i al l\u00e6kkerheden. Fotos sendes ud i cyberspace og ind i deres \u00f8jne. Krop, ansigt, smil, \u00f8jne, fedtprocent \u2013 alt i alt en l\u00e6kker buffet. Hun falder i s\u00f8vn med opadvendte mundvige og champagne i hjertet.<\/p>\n\n\n\n<div class=\"wp-block-image\"><figure class=\"aligncenter size-large is-resized\"><img loading=\"lazy\" decoding=\"async\" src=\"https:\/\/rohestories.dk\/wp-content\/uploads\/2021\/09\/DSC02766-1-1024x750.jpg\" alt=\"\" class=\"wp-image-91\" width=\"360\" height=\"263\" srcset=\"https:\/\/rohestories.dk\/wp-content\/uploads\/2021\/09\/DSC02766-1-1024x750.jpg 1024w, https:\/\/rohestories.dk\/wp-content\/uploads\/2021\/09\/DSC02766-1-300x220.jpg 300w, https:\/\/rohestories.dk\/wp-content\/uploads\/2021\/09\/DSC02766-1-768x563.jpg 768w, https:\/\/rohestories.dk\/wp-content\/uploads\/2021\/09\/DSC02766-1-1536x1125.jpg 1536w, https:\/\/rohestories.dk\/wp-content\/uploads\/2021\/09\/DSC02766-1.jpg 2048w\" sizes=\"(max-width: 360px) 100vw, 360px\" \/><\/figure><\/div>\n\n\n\n<p>Kilometer forsvinder bag Hende \u2013 i dag vil han st\u00e5 foran Hende. Lige om lidt. Efter en times f\u00e6rgeoverfart. Hun har satset p\u00e5 en meget tidlig overfart \u2013 og skuffelsen er stor, da billetdamen fort\u00e6ller, at den f\u00f8rste f\u00e6rge er 2 timer senere, og derefter vil tage 3 timer. En rusten bilf\u00e6rge.&nbsp;<\/p>\n\n\n\n<p>\u201dMen \u2013 det kan jo ikke passe!\u201d Hun har unders\u00f8gt alle afgangene.<\/p>\n\n\n\n<p>\u201dNej, der er ingen andre muligheder\u201d, siger damen n\u00f8gternt i den smalle spr\u00e6kke.&nbsp;<\/p>\n\n\n\n<p>Skuffelse og slap muskulatur. Nu var det lige s\u00e5 perfekt. Og Hun havde altid styr p\u00e5 det. Hun betaler og k\u00f8rer ombord, og m\u00e5 indse, at Malaysisk offentlig transport bare er liges\u00e5 utilregnelig, som de siger. Lige til det \u00f8jeblik Hun st\u00e5r p\u00e5 d\u00e6kket og ser den hurtige f\u00e6rge planm\u00e6ssigt forlade kajen overfor \u2013 spruttende afsted, med et strejf af spot i k\u00f8lvandet.&nbsp;<\/p>\n\n\n\n<p>Hvor er den s\u00f8de sk\u00e6bne nu, t\u00e6nker Hun? M\u00e5ske er det meningen, at Hun skal bygge forventning endnu mere op, under endnu dybere dialog, mens Hun sidder p\u00e5 d\u00e6kket i skyggen og vinden og kigger frem mod k\u00e6rligheds\u00f8en. Ja, det M\u00c5 v\u00e6re meningen, og Hun skal v\u00e6re t\u00e5lmodig. Og gl\u00e6de sig.&nbsp;<\/p>\n\n\n\n<p>Det er sikkert ogs\u00e5 meningen, at Hun skal miste al dataforbindelse, s\u00e5 Hun til sidst kun har en podcast med den korte radioavis. Og en udsigt. Og en tandl\u00f8s kaptajn og hans f\u00f8rstestyrmand, som gerne vil s\u00e6lge Hende en chrysantemum-the, mens de griner af denne rynkede kvinde i t\u00e6tsiddende lycra.<\/p>\n\n\n\n<p>\u00d8ens sk\u00f8nhed udefra og ind, den smukke sejlads mellem \u00f8erne. Det bliver s\u00e5 godt, t\u00e6nker Hun. Er der ikke lige rigeligt bakker? Det g\u00f8r ingenting, Hun f\u00e5r m\u00e5ske alt muligt andet at lave end at cykle \u00f8en rundt. Men hov \u2013 f\u00e6rgen sejler jo forbi havnen, hvor han venter? Hun sp\u00f8rger et par passagerer. De forst\u00e5r ikke engelsk. Hun sp\u00f8rger en gast. Han peger bare fremad mod land i det fjerne. Og et \u00f8jeblik g\u00e5r Hun helt i st\u00e5. Hvor p\u00e5 \u00f8en ender Hun nu? Og ikke mindst er det jo ensbetydende med mange flere kilometer end planen. Og v\u00e6rre \u2013 Hun vil ikke kunne overholde den forel\u00f8bige aftale. Og heller ikke kunne kommunikere, for der er stadig ingen d\u00e6kning med Hendes telefon.&nbsp;<\/p>\n\n\n\n<p>En kvinde uden kontrol. Og dem som kender Hende ved, at det er en uvelkommen f\u00f8lelse. Faktisk helt ubehagelig.&nbsp;<\/p>\n\n\n\n<p>Endelig landfast igen g\u00f8r Hun, hvad Hun kan for at komme hurtigt frem til sit hotel. F\u00f8dder og l\u00e5r skriger af smerte, og sveden perler ud af alle porer. Hotellet har Wi-Fi. Endelig kontakt med manden igen.&nbsp;<\/p>\n\n\n\n<p>\u201dNo worries,\u201d siger han, \u201djeg tager lige en tur i tr\u00e6ningscenteret, s\u00e5 m\u00f8des vi bagefter.\u201d<\/p>\n\n\n\n<p>Og Hun f\u00e5r en bl\u00e6ndende ide \u2013 hvad med at m\u00f8des og f\u00e5 lidt fodmassage \u2013 sidde ved siden af hinanden og snakke, mens de stakkels f\u00f8dder og ben f\u00e5r k\u00e6rlig behandling?&nbsp;<\/p>\n\n\n\n<p>Nej \u2013 det magter han ikke, der er s\u00e5 frygteligt mange prostituerede i den branche. Hun overvejer ikke at t\u00e6nke p\u00e5, hvorfra han lige har den erfaring. Hendes hjerne steger stadig, og han vil jo nok bare v\u00e6re helt alene sammen med Hende. S\u00e5 dejligt.&nbsp;&nbsp;<\/p>\n\n\n\n<p>\u201dOk, jeg s\u00e6tter mig p\u00e5 Restaurant Kauboi og venter p\u00e5 dig,\u201d siger Hun.<\/p>\n\n\n\n<p>\u201dJeg finder dig, jeg er mobil.\u201d<\/p>\n\n\n\n<div class=\"wp-block-image\"><figure class=\"aligncenter size-large is-resized\"><img loading=\"lazy\" decoding=\"async\" src=\"https:\/\/rohestories.dk\/wp-content\/uploads\/2021\/09\/DSC04273-1024x683.jpg\" alt=\"\" class=\"wp-image-92\" width=\"309\" height=\"206\" srcset=\"https:\/\/rohestories.dk\/wp-content\/uploads\/2021\/09\/DSC04273-1024x683.jpg 1024w, https:\/\/rohestories.dk\/wp-content\/uploads\/2021\/09\/DSC04273-300x200.jpg 300w, https:\/\/rohestories.dk\/wp-content\/uploads\/2021\/09\/DSC04273-768x512.jpg 768w, https:\/\/rohestories.dk\/wp-content\/uploads\/2021\/09\/DSC04273-1536x1024.jpg 1536w, https:\/\/rohestories.dk\/wp-content\/uploads\/2021\/09\/DSC04273.jpg 2048w\" sizes=\"(max-width: 309px) 100vw, 309px\" \/><\/figure><\/div>\n\n\n\n<p>Hun g\u00e5r i bad, men opdager i al v\u00e5dhed, at de har glemt at give Hende h\u00e5ndkl\u00e6der. Med et lagen omkring kroppen bev\u00e6ger Hun sig ud p\u00e5 gangen, og n\u00e5r n\u00e6sten at komme tilbage til rummet med sit h\u00e5ndkl\u00e6de inden 4 lavbenede indere nedstirrer Hendes ynk. Bare vent, t\u00e6nker Hun. Denne ynk kan godt gejles op. Hendes eneste t\u00f8j bliver str\u00f8get, og h\u00e5ret kommer til at sidde fint. Det t\u00f8r ikke andet.<\/p>\n\n\n\n<p>Den h\u00f8je smukke yngre mand p\u00e5 sin r\u00f8de scooter i medvind, et dugget visir p\u00e5 den alt for store hjelm bliver sl\u00e5et op, og et bl\u00e6ndende smil toner frem. Det kan kun blive godt, t\u00e6nker Hun. What\u2019s the catch, hviskede en celle nede i storet\u00e5en.<\/p>\n\n\n\n<p>De giver hinanden et kram, l\u00e6nge. M\u00f8des i \u00f8jne og smil og ord. Og taler, l\u00e6nge, l\u00e6nge \u2013 tiden forsvinder \u2013 f\u00f8r de kommer i tanke om verdslig sult. Hvem er du, hvad laver du, hvor bor du, hvor har du rejst, hvilken b\u00e5d har du, hvor er du vokset op, hvor meget tr\u00e6ner du, hvad elsker du at lave. Ja, han er jo rimeligt beset ret perfekt, selvom han ikke er vegetar. Og hans store sejlb\u00e5d nede i havnen, Hun har checket den ud p\u00e5 nettet \u2013&nbsp;<\/p>\n\n\n\n<p>\u201dS\u00e5 du sover i agter kahytten?\u2019\u201d&nbsp;<\/p>\n\n\n\n<p>\u201dJa, jeg har endda air con\u201d, smiler han, forsigtigt fr\u00e6kt.&nbsp;<\/p>\n\n\n\n<p>De kommer t\u00e6t p\u00e5 lyster og lidenskaber og finder hinanden uden fordomme. Ja, bevares, Hun er \u00e6ldre end ham, men det er tilsyneladende heller ikke et problem for ham. Det viser han med krop, \u00f8jne, ber\u00f8ringer. De bestiller mad og en \u00f8l. \u2013<\/p>\n\n\n\n<p>\u201dAlkohol er gift, you know\u201d, siger han, og peger p\u00e5 sit vaskebr\u00e6t. \u201dhvordan tror du, jeg holder min Body fat p\u00e5 10%? Drikker h\u00f8jst 1-2 \u00f8l om ugen!\u201d<\/p>\n\n\n\n<p>Dejligt t\u00e6nker Hun, og aflyser i sit hoved med det samme bestilling af flere \u00f8l. Maden og stemningen og smil og gl\u00e6de bliver slugt i en lind str\u00f8m sammen med Kaubois l\u00e6kre thai-retter. Til ingen penge. Han bliver mere og mere n\u00e6rg\u00e5ende, flytter stolen t\u00e6ttere p\u00e5, og Hun kan lide det. Og viser det. Gr\u00f8nt lys.&nbsp;<\/p>\n\n\n\n<p>\u201dMen \u2013 hvorfor er en l\u00e6kker mand som dig single?\u201d<\/p>\n\n\n\n<p>\u201dDet er jeg ikke, jeg er gift\u201d.<\/p>\n\n\n\n<div class=\"wp-block-image\"><figure class=\"aligncenter size-large is-resized\"><img loading=\"lazy\" decoding=\"async\" src=\"https:\/\/rohestories.dk\/wp-content\/uploads\/2021\/09\/22366391_10211756185393799_7834707396737756780_n.jpeg\" alt=\"\" class=\"wp-image-93\" width=\"366\" height=\"206\" srcset=\"https:\/\/rohestories.dk\/wp-content\/uploads\/2021\/09\/22366391_10211756185393799_7834707396737756780_n.jpeg 960w, https:\/\/rohestories.dk\/wp-content\/uploads\/2021\/09\/22366391_10211756185393799_7834707396737756780_n-300x169.jpeg 300w, https:\/\/rohestories.dk\/wp-content\/uploads\/2021\/09\/22366391_10211756185393799_7834707396737756780_n-768x432.jpeg 768w\" sizes=\"(max-width: 366px) 100vw, 366px\" \/><\/figure><\/div>\n\n\n\n<p><\/p>\n\n\n\n<p>Den stegte hjerne standser al aktivitet, k\u00e6den falder faktisk af. Ingen power-output der i et par sekunder eller 10.\u00a0<\/p>\n\n\n\n<p>\u201d\u00d8hh\u2026. hvad laver du s\u00e5 her med mig?\u201d fremstammer Hun \u2013 et standardsp\u00f8rgsm\u00e5l, Hun har indl\u00e6rt til \u00f8jeblikke som dette.&nbsp;<\/p>\n\n\n\n<p>Og mens han sl\u00f8vt og tungt og uinspireret lirer et liges\u00e5 standard svar af, ind\u00f8vede meninger omkring savn og lidenskabsl\u00f8shed og Hun ville ikke sejle og han kunne ikke forlade og de var bundet sammen i en dyr condo i verdens dyreste by og af en hund, og han flygtede fra Singapore for at bo p\u00e5 b\u00e5den og tr\u00e6kke vejret, og hun havde alle sine veninder men syntes ikke om hans krop.&nbsp;<\/p>\n\n\n\n<p>Magien har fundet et nyt kontinent at hygge sig p\u00e5. Hun \u00f8nsker et \u00f8jeblik, at Hun kunne skylle hans ord ned med endnu en \u00f8l, men Hun magter ikke at bestille den. M\u00e5ske vil han tolke det som et \u00f8nske om at forts\u00e6tte, og det signal vil Hun ikke sende.&nbsp;<\/p>\n\n\n\n<p>\u201dJeg tror, jeg er lidt tr\u00e6t\u201d, siger Hun, \u201djeg m\u00e5 f\u00e5 hvilet mig, skal jo tidligt op, og t\u00e6nk \u2013 klokken er kun 2030, men jeg har v\u00e6ret oppe siden 0530, s\u00e5 mine ben er lidt tr\u00e6tte, og\u2026.\u201d&nbsp;<\/p>\n\n\n\n<p>\u201dHar du lyst til selskab\u201d, sp\u00f8rger han.&nbsp;<\/p>\n\n\n\n<p>Et godt fors\u00f8g, men h\u00e5bet i hans \u00f8jne er ikke overbevisende.&nbsp;&nbsp;<\/p>\n\n\n\n<p>\u00d8h, nej tak, det har Hun ikke.&nbsp;<\/p>\n\n\n\n<p>\u201dI dont do married men, not anymore\u201d.&nbsp;<\/p>\n\n\n\n<p>\u201dMen, jeg er virkeligt tiltrukket af dig\u201d, siger han.&nbsp;<\/p>\n\n\n\n<p>\u201dTak, been there, done that.&nbsp;Og det g\u00f8r altid ondt p\u00e5 nogen. P\u00e5 et eller andet tidspunkt\u201d.<\/p>\n\n\n\n<p>&nbsp;Hun g\u00e5r i gang med sin lange forklaring, men han stopper Hende med det samme.&nbsp;<\/p>\n\n\n\n<p>\u201dJeg har ikke brug for den information\u201d&nbsp;<\/p>\n\n\n\n<p>Hans blik finder alle mulige andre steder at v\u00e6re. Og han kalder p\u00e5 tjeneren, &#8211; two bills, please. Og tjeneren kommer med 2 \u00f8l.&nbsp;<\/p>\n\n\n\n<p>Hun begynder at le hysterisk indeni \u2013 det var jo vildt sjovt pludselig \u2013 tjeneren havde h\u00f8rt \u201dtwo beers\u201d \u2013 og det er jo det sidste, han vil have. Mere alkohol, der kunne true hans fedtprocent og hans flugtvej.&nbsp;<\/p>\n\n\n\n<p>Den stakkels tjener bliver sendt ud igen, og kommer tilbage med en regning. Og manden studerer febrilsk svedende den f\u00e6lles regning, 42 Ringit i alt (62 kr). Han l\u00e6gger 18, for Hun har trods alt bestilt en ekstra ret og en flaske vand. Et \u00f8jeblik t\u00e6nker Hun, at Hun gerne havde betalt det hele, og derved frar\u00f8vet ham de sidste gram v\u00e6rdighed. Hun lader det blive ved tanken.&nbsp;<\/p>\n\n\n\n<p>Han g\u00e5r. Uden at sige p\u00e6nt farvel, eller tak for snak. Hen til den r\u00f8de mobilitet og det duggede visir. Bilerne har sp\u00e6rret ham inde, s\u00e5 han kan ikke komme hurtigt v\u00e6k, ligner en desperat kakerlak p\u00e5 flugt. Fanget blandt folk og biler og skuffelser.&nbsp;<\/p>\n\n\n\n<p>Hun kigger p\u00e5 ham l\u00e6nge, mens han spr\u00e6ller, venter p\u00e5 en mulighed for at vinke farvel, en sidste menneskelig gestus, men den kommer aldrig.&nbsp;<\/p>\n\n\n\n<p>Hun siger pyt-pyt, igen og igen, hele vejen tilbage til hotellet. I m\u00f8rket stryger Hun sin standhaftighed over kinden. Og slipper h\u00e5ret fri fra sine forpligtelser. Det havde v\u00e6ret s\u00e5 nemt, en varmblodig mand og en hed nat med hud mod hud. Hun er glad for sine gr\u00e6nser. Og skuffet over sin naivitet. Og forundret over alt det sp\u00e6ndende, som livet byder Hende. Og et lille smil finder vej, der midt i m\u00f8rket og duftene af bilos, indisk mad og affald. Hun tager et valg.&nbsp;<\/p>\n\n\n\n<p>Fiskesn\u00f8rer og garn bliver hevet i land, fiskest\u00e6nger pakkes sammen og bliver gemt v\u00e6k. Hun smutter fra denne fiskeplads, t\u00e6nker Hun, og klukler ved tanken om sin egen latterlighed. Og laver en note i sin virtuelle dagbog: K\u00e6re mand, hvis du er derude, s\u00e5 find mig. Jeg leder ikke mere.<\/p>\n\n\n\n<div class=\"wp-block-image\"><figure class=\"aligncenter size-large is-resized\"><img loading=\"lazy\" decoding=\"async\" src=\"https:\/\/rohestories.dk\/wp-content\/uploads\/2021\/09\/84808215_10218302828695790_7331934973034758144_o.jpeg\" alt=\"\" class=\"wp-image-94\" width=\"341\" height=\"227\" srcset=\"https:\/\/rohestories.dk\/wp-content\/uploads\/2021\/09\/84808215_10218302828695790_7331934973034758144_o.jpeg 960w, https:\/\/rohestories.dk\/wp-content\/uploads\/2021\/09\/84808215_10218302828695790_7331934973034758144_o-300x200.jpeg 300w, https:\/\/rohestories.dk\/wp-content\/uploads\/2021\/09\/84808215_10218302828695790_7331934973034758144_o-768x512.jpeg 768w\" sizes=\"(max-width: 341px) 100vw, 341px\" \/><\/figure><\/div>\n","protected":false},"excerpt":{"rendered":"<p>Endnu engang kaster Hun sn\u00f8ren ud og haler ind \u2013 kaffedate. I morgen?&nbsp;&nbsp;Tindermanden dukker op i et tilf\u00e6ldigt swipe til h\u00f8jre.&nbsp; \u201dHi sailor, where are you?\u201dsp\u00f8rger han, og forts\u00e6tter: \u201dJeg er p\u00e5 Langkawi i min jordomsejler\u201d &nbsp;Hendes hjerne lyser op i regnbuefarver. Det m\u00e5 v\u00e6re &hellip; <a href=\"https:\/\/rohestories.dk\/index.php\/kaere-mand\/\" class=\"more-link\"><span>Continue reading<span class=\"screen-reader-text\">K\u00e6re mand<\/span><\/span><\/a><\/p>\n","protected":false},"author":1,"featured_media":0,"parent":0,"menu_order":0,"comment_status":"closed","ping_status":"closed","template":"","meta":{"footnotes":""},"_links":{"self":[{"href":"https:\/\/rohestories.dk\/index.php\/wp-json\/wp\/v2\/pages\/90"}],"collection":[{"href":"https:\/\/rohestories.dk\/index.php\/wp-json\/wp\/v2\/pages"}],"about":[{"href":"https:\/\/rohestories.dk\/index.php\/wp-json\/wp\/v2\/types\/page"}],"author":[{"embeddable":true,"href":"https:\/\/rohestories.dk\/index.php\/wp-json\/wp\/v2\/users\/1"}],"replies":[{"embeddable":true,"href":"https:\/\/rohestories.dk\/index.php\/wp-json\/wp\/v2\/comments?post=90"}],"version-history":[{"count":1,"href":"https:\/\/rohestories.dk\/index.php\/wp-json\/wp\/v2\/pages\/90\/revisions"}],"predecessor-version":[{"id":95,"href":"https:\/\/rohestories.dk\/index.php\/wp-json\/wp\/v2\/pages\/90\/revisions\/95"}],"wp:attachment":[{"href":"https:\/\/rohestories.dk\/index.php\/wp-json\/wp\/v2\/media?parent=90"}],"curies":[{"name":"wp","href":"https:\/\/api.w.org\/{rel}","templated":true}]}}